{"id":119782,"date":"2023-07-17T10:07:17","date_gmt":"2023-07-17T08:07:17","guid":{"rendered":"http:\/\/dev-freebird-aluminium-v2.test\/product\/nozzles-2\/"},"modified":"2025-09-02T05:17:56","modified_gmt":"2025-09-02T03:17:56","slug":"nozzles-2","status":"publish","type":"product","link":"https:\/\/freebird-aluminium.nl\/de\/produkt\/nozzles-2\/","title":{"rendered":"10110411"},"content":{"rendered":"<p>Nozzles<\/p>\n","protected":false},"excerpt":{"rendered":"<p>ANWENDUNG: Die Innotec Mischd\u00fcse gew\u00e4hrleistet ein optimales Mischverh\u00e4ltnis der 2K-Produkte.<br \/>\nPRODUKTBESCHREIBUNG: Die Innotec Mischd\u00fcse gew\u00e4hrleistet ein optimales Mischverh\u00e4ltnis der 2K-Produkte Repaplast Fix, Repaplast Repair, Topfix, Timber Construct, Timber Fix 30, Unifix 300 S, Metal Weld und Plastic Fix. Die optimale Mischqualit\u00e4t hat einen positiven Einfluss auf die Endeigenschaften der genannten 2K-Produkte.<br \/>\nHier finden Sie die Brosch\u00fcre: https:\/\/heyzine.com\/flip-book\/f45f103f94.html<\/p>\n","protected":false},"featured_media":3897,"template":"","meta":{"_acf_changed":false},"product_brand":[],"product_cat":[664,651,931],"product_tag":[],"class_list":{"0":"post-119782","1":"product","2":"type-product","3":"status-publish","4":"has-post-thumbnail","6":"product_cat-innotec-de-2","7":"product_cat-kleber-und-dichtungsmittel-butyl","8":"product_cat-__de__innotec","10":"first","11":"instock","12":"taxable","13":"shipping-taxable","14":"purchasable","15":"product-type-simple"},"acf":[],"_links":{"self":[{"href":"https:\/\/freebird-aluminium.nl\/de\/wp-json\/wp\/v2\/product\/119782","targetHints":{"allow":["GET"]}}],"collection":[{"href":"https:\/\/freebird-aluminium.nl\/de\/wp-json\/wp\/v2\/product"}],"about":[{"href":"https:\/\/freebird-aluminium.nl\/de\/wp-json\/wp\/v2\/types\/product"}],"wp:featuredmedia":[{"embeddable":true,"href":"https:\/\/freebird-aluminium.nl\/de\/wp-json\/wp\/v2\/media\/3897"}],"wp:attachment":[{"href":"https:\/\/freebird-aluminium.nl\/de\/wp-json\/wp\/v2\/media?parent=119782"}],"wp:term":[{"taxonomy":"product_brand","embeddable":true,"href":"https:\/\/freebird-aluminium.nl\/de\/wp-json\/wp\/v2\/product_brand?post=119782"},{"taxonomy":"product_cat","embeddable":true,"href":"https:\/\/freebird-aluminium.nl\/de\/wp-json\/wp\/v2\/product_cat?post=119782"},{"taxonomy":"product_tag","embeddable":true,"href":"https:\/\/freebird-aluminium.nl\/de\/wp-json\/wp\/v2\/product_tag?post=119782"}],"curies":[{"name":"wp","href":"https:\/\/api.w.org\/{rel}","templated":true}]}}