{"id":119781,"date":"2023-07-17T10:07:17","date_gmt":"2023-07-17T08:07:17","guid":{"rendered":"http:\/\/dev-freebird-aluminium-v2.test\/product\/mixer-gun-2\/"},"modified":"2025-09-02T05:17:55","modified_gmt":"2025-09-02T03:17:55","slug":"mixer-gun-2","status":"publish","type":"product","link":"https:\/\/freebird-aluminium.nl\/de\/produkt\/mixer-gun-2\/","title":{"rendered":"10110410"},"content":{"rendered":"<p>Mixer Gun<\/p>\n","protected":false},"excerpt":{"rendered":"<p>ANWENDUNG: Die Mixer Gun ist eine speziell entwickelte Pistole f\u00fcr die 50ml-Doppelkartuschen.<br \/>\nPRODUKTBESCHREIBUNG: Die Mixer Gun ist eine speziell entwickelte Pistole f\u00fcr die 50ml-Doppelkartuschen. Die Pistole besteht aus hochwertigem Kunststoff. Der Produktvortrieb ist sehr pr\u00e4zise, sodass sich das Produkt genauestens dosieren l\u00e4sst.<br \/>\nDie Mixer Gun ist so konzipiert, dass die Doppelkartusche in wenigen Sekunden ausgetauscht werden kann. Das in der Pistole zu verarbeitende Produkt ist jederzeit sichtbar, sodass es nicht zu Anwendungsfehlern kommt.<br \/>\nHier finden Sie die Brosch\u00fcre: https:\/\/heyzine.com\/flip-book\/f45f103f94.html<\/p>\n","protected":false},"featured_media":3864,"template":"","meta":{"_acf_changed":false},"product_brand":[],"product_cat":[664,651,931],"product_tag":[],"class_list":{"0":"post-119781","1":"product","2":"type-product","3":"status-publish","4":"has-post-thumbnail","6":"product_cat-innotec-de-2","7":"product_cat-kleber-und-dichtungsmittel-butyl","8":"product_cat-__de__innotec","10":"first","11":"instock","12":"taxable","13":"shipping-taxable","14":"purchasable","15":"product-type-simple"},"acf":[],"_links":{"self":[{"href":"https:\/\/freebird-aluminium.nl\/de\/wp-json\/wp\/v2\/product\/119781","targetHints":{"allow":["GET"]}}],"collection":[{"href":"https:\/\/freebird-aluminium.nl\/de\/wp-json\/wp\/v2\/product"}],"about":[{"href":"https:\/\/freebird-aluminium.nl\/de\/wp-json\/wp\/v2\/types\/product"}],"wp:featuredmedia":[{"embeddable":true,"href":"https:\/\/freebird-aluminium.nl\/de\/wp-json\/wp\/v2\/media\/3864"}],"wp:attachment":[{"href":"https:\/\/freebird-aluminium.nl\/de\/wp-json\/wp\/v2\/media?parent=119781"}],"wp:term":[{"taxonomy":"product_brand","embeddable":true,"href":"https:\/\/freebird-aluminium.nl\/de\/wp-json\/wp\/v2\/product_brand?post=119781"},{"taxonomy":"product_cat","embeddable":true,"href":"https:\/\/freebird-aluminium.nl\/de\/wp-json\/wp\/v2\/product_cat?post=119781"},{"taxonomy":"product_tag","embeddable":true,"href":"https:\/\/freebird-aluminium.nl\/de\/wp-json\/wp\/v2\/product_tag?post=119781"}],"curies":[{"name":"wp","href":"https:\/\/api.w.org\/{rel}","templated":true}]}}