{"id":119770,"date":"2023-07-17T10:07:17","date_gmt":"2023-07-17T08:07:17","guid":{"rendered":"http:\/\/dev-freebird-aluminium-v2.test\/product\/inno-seal-2\/"},"modified":"2025-09-02T05:17:54","modified_gmt":"2025-09-02T03:17:54","slug":"inno-seal-2","status":"publish","type":"product","link":"https:\/\/freebird-aluminium.nl\/de\/produkt\/inno-seal-2\/","title":{"rendered":"10110403"},"content":{"rendered":"<p>Inno-Seal<\/p>\n","protected":false},"excerpt":{"rendered":"<p>ANWENDUNG: verkleben und abdichten von innen -und au\u00dfenteilen von Wohnwagen\/Reisemobile.<br \/>\nPRODUKTBESCHREIBUNG: Inno-Seal ist eine einzigartige, dauerhaft elastische, Dichtmasse mit Klebeeigenschaften auf Basis von MS-Polymeren. Das Produkt eignet sich zum Verkleben oder Abdichten und hat ein gutes Haftverm\u00f6gen auf den gel\u00e4ufigsten Fl\u00e4chen, wie Metall, Kunststoff, Gummi und Glas. Es bildet innerhalb kurzer Zeit eine Haut, trocknet schnell durch und besitzt eine enorme Elastizit\u00e4t.<br \/>\nHier finden Sie die Brosch\u00fcre: https:\/\/heyzine.com\/flip-book\/f45f103f94.html<\/p>\n","protected":false},"featured_media":3885,"template":"","meta":{"_acf_changed":false},"product_brand":[],"product_cat":[664,651,931],"product_tag":[],"class_list":{"0":"post-119770","1":"product","2":"type-product","3":"status-publish","4":"has-post-thumbnail","6":"product_cat-innotec-de-2","7":"product_cat-kleber-und-dichtungsmittel-butyl","8":"product_cat-__de__innotec","10":"first","11":"instock","12":"taxable","13":"shipping-taxable","14":"purchasable","15":"product-type-simple"},"acf":[],"_links":{"self":[{"href":"https:\/\/freebird-aluminium.nl\/de\/wp-json\/wp\/v2\/product\/119770","targetHints":{"allow":["GET"]}}],"collection":[{"href":"https:\/\/freebird-aluminium.nl\/de\/wp-json\/wp\/v2\/product"}],"about":[{"href":"https:\/\/freebird-aluminium.nl\/de\/wp-json\/wp\/v2\/types\/product"}],"wp:featuredmedia":[{"embeddable":true,"href":"https:\/\/freebird-aluminium.nl\/de\/wp-json\/wp\/v2\/media\/3885"}],"wp:attachment":[{"href":"https:\/\/freebird-aluminium.nl\/de\/wp-json\/wp\/v2\/media?parent=119770"}],"wp:term":[{"taxonomy":"product_brand","embeddable":true,"href":"https:\/\/freebird-aluminium.nl\/de\/wp-json\/wp\/v2\/product_brand?post=119770"},{"taxonomy":"product_cat","embeddable":true,"href":"https:\/\/freebird-aluminium.nl\/de\/wp-json\/wp\/v2\/product_cat?post=119770"},{"taxonomy":"product_tag","embeddable":true,"href":"https:\/\/freebird-aluminium.nl\/de\/wp-json\/wp\/v2\/product_tag?post=119770"}],"curies":[{"name":"wp","href":"https:\/\/api.w.org\/{rel}","templated":true}]}}