{"id":119769,"date":"2023-07-17T10:07:17","date_gmt":"2023-07-17T08:07:17","guid":{"rendered":"http:\/\/dev-freebird-aluminium-v2.test\/product\/replast-primer-2\/"},"modified":"2025-09-02T05:17:54","modified_gmt":"2025-09-02T03:17:54","slug":"replast-primer-2","status":"publish","type":"product","link":"https:\/\/freebird-aluminium.nl\/de\/produkt\/replast-primer-2\/","title":{"rendered":"10110402"},"content":{"rendered":"<p>Replast Primer<\/p>\n","protected":false},"excerpt":{"rendered":"<p>ANWENDUNG: Haftvermittler f\u00fcr die g\u00e4ngigsten Kunststoffe<br \/>\nPRODUKTBESCHREIBUNG: Repaplast Primer New Formula ist ein professioneller Haftvermittler f\u00fcr die g\u00e4ngigsten Kunststoffe. Mit seiner neuen, einzigartigen Zusammensetzung sorgt das Produkt f\u00fcr eine deutlich h\u00f6here Haftung bei Ausbesserungen, Klebeverbindungen, beim Lackieren und bei sonstigen Bearbeitungen.<br \/>\nHier finden Sie die Brosch\u00fcre: https:\/\/heyzine.com\/flip-book\/f45f103f94.html<\/p>\n","protected":false},"featured_media":3888,"template":"","meta":{"_acf_changed":false},"product_brand":[],"product_cat":[664,651,931],"product_tag":[],"class_list":{"0":"post-119769","1":"product","2":"type-product","3":"status-publish","4":"has-post-thumbnail","6":"product_cat-innotec-de-2","7":"product_cat-kleber-und-dichtungsmittel-butyl","8":"product_cat-__de__innotec","10":"first","11":"instock","12":"taxable","13":"shipping-taxable","14":"purchasable","15":"product-type-simple"},"acf":[],"_links":{"self":[{"href":"https:\/\/freebird-aluminium.nl\/de\/wp-json\/wp\/v2\/product\/119769","targetHints":{"allow":["GET"]}}],"collection":[{"href":"https:\/\/freebird-aluminium.nl\/de\/wp-json\/wp\/v2\/product"}],"about":[{"href":"https:\/\/freebird-aluminium.nl\/de\/wp-json\/wp\/v2\/types\/product"}],"wp:featuredmedia":[{"embeddable":true,"href":"https:\/\/freebird-aluminium.nl\/de\/wp-json\/wp\/v2\/media\/3888"}],"wp:attachment":[{"href":"https:\/\/freebird-aluminium.nl\/de\/wp-json\/wp\/v2\/media?parent=119769"}],"wp:term":[{"taxonomy":"product_brand","embeddable":true,"href":"https:\/\/freebird-aluminium.nl\/de\/wp-json\/wp\/v2\/product_brand?post=119769"},{"taxonomy":"product_cat","embeddable":true,"href":"https:\/\/freebird-aluminium.nl\/de\/wp-json\/wp\/v2\/product_cat?post=119769"},{"taxonomy":"product_tag","embeddable":true,"href":"https:\/\/freebird-aluminium.nl\/de\/wp-json\/wp\/v2\/product_tag?post=119769"}],"curies":[{"name":"wp","href":"https:\/\/api.w.org\/{rel}","templated":true}]}}